{"id":126,"date":"2022-03-18T21:56:01","date_gmt":"2022-03-18T21:56:01","guid":{"rendered":"https:\/\/beerenstark-bewerben.de\/?page_id=126"},"modified":"2023-02-09T07:26:04","modified_gmt":"2023-02-09T07:26:04","slug":"ueber-uns","status":"publish","type":"page","link":"https:\/\/beerenstark-bewerben.de\/?page_id=126","title":{"rendered":"\u00dcber Uns"},"content":{"rendered":"\n<p><\/p>\n\n\n\n<p><\/p>\n\n\n\n<p>Als Betriebswirtin mit Berufserfahrung unterst\u00fctze ich Menschen erfolgreich dabei sich beruflich zu ver\u00e4ndern, weiterzuentwickeln oder die ersten Schritte im Berufsleben zu gehen. Dabei setze ich stets ich auf individuelle Betreuung und h\u00f6chste Kundenzufriedenheit.<\/p>\n\n\n\n<p>Gerne k\u00f6nnen Sie mich telefonisch erreichen: <strong>\u202d0160 6328293<\/strong><\/p>\n\n\n\n<p>oder Sie schrieben mir eine E-Mail an:               <b>Emin<\/b><strong><b>a<\/b>.h@live.de<\/strong><\/p>\n\n\n\n<p>und senden Sie mir Ihre aktuellen Bewerbungsunterlagen f\u00fcr eine kostenlose und unverbindliche Pr\u00fcfung auf Verbesserungsm\u00f6glichkeiten.<\/p>\n\n\n\n<p><\/p>\n\n\n\n<p><\/p>\n","protected":false},"excerpt":{"rendered":"<p>Als Betriebswirtin mit Berufserfahrung unterst\u00fctze ich Menschen erfolgreich dabei sich beruflich zu ver\u00e4ndern, weiterzuentwickeln oder die ersten Schritte im Berufsleben zu gehen. Dabei setze ich stets ich auf individuelle Betreuung und h\u00f6chste Kundenzufriedenheit. Gerne k\u00f6nnen Sie mich telefonisch erreichen: \u202d0160 6328293 oder Sie schrieben mir eine E-Mail an: Emina.h@live.de und senden Sie mir Ihre aktuellen [&hellip;]<\/p>\n","protected":false},"author":1,"featured_media":0,"parent":0,"menu_order":0,"comment_status":"closed","ping_status":"closed","template":"full-width","meta":{"saved_in_kubio":false,"footnotes":""},"class_list":["post-126","page","type-page","status-publish","hentry"],"kubio_ai_page_context":{"short_desc":"","purpose":"general"},"_links":{"self":[{"href":"https:\/\/beerenstark-bewerben.de\/index.php?rest_route=\/wp\/v2\/pages\/126","targetHints":{"allow":["GET"]}}],"collection":[{"href":"https:\/\/beerenstark-bewerben.de\/index.php?rest_route=\/wp\/v2\/pages"}],"about":[{"href":"https:\/\/beerenstark-bewerben.de\/index.php?rest_route=\/wp\/v2\/types\/page"}],"author":[{"embeddable":true,"href":"https:\/\/beerenstark-bewerben.de\/index.php?rest_route=\/wp\/v2\/users\/1"}],"replies":[{"embeddable":true,"href":"https:\/\/beerenstark-bewerben.de\/index.php?rest_route=%2Fwp%2Fv2%2Fcomments&post=126"}],"version-history":[{"count":7,"href":"https:\/\/beerenstark-bewerben.de\/index.php?rest_route=\/wp\/v2\/pages\/126\/revisions"}],"predecessor-version":[{"id":216,"href":"https:\/\/beerenstark-bewerben.de\/index.php?rest_route=\/wp\/v2\/pages\/126\/revisions\/216"}],"wp:attachment":[{"href":"https:\/\/beerenstark-bewerben.de\/index.php?rest_route=%2Fwp%2Fv2%2Fmedia&parent=126"}],"curies":[{"name":"wp","href":"https:\/\/api.w.org\/{rel}","templated":true}]}}